{"id":603,"date":"2023-07-10T07:52:55","date_gmt":"2023-07-10T07:52:55","guid":{"rendered":"https:\/\/laegernetilst.dk\/?page_id=603"},"modified":"2024-08-20T09:52:35","modified_gmt":"2024-08-20T09:52:35","slug":"allergi","status":"publish","type":"page","link":"https:\/\/laegernetilst.dk\/index.php\/allergi\/","title":{"rendered":"Allergi"},"content":{"rendered":"\t\t<div data-elementor-type=\"wp-page\" data-elementor-id=\"603\" class=\"elementor elementor-603\">\n\t\t\t\t\t\t<section class=\"elementor-section elementor-top-section elementor-element elementor-element-9c61d26 elementor-section-boxed elementor-section-height-default elementor-section-height-default\" data-id=\"9c61d26\" data-element_type=\"section\" data-e-type=\"section\">\n\t\t\t\t\t\t<div class=\"elementor-container elementor-column-gap-default\">\n\t\t\t\t\t<div class=\"elementor-column elementor-col-100 elementor-top-column elementor-element elementor-element-593d74f\" data-id=\"593d74f\" data-element_type=\"column\" data-e-type=\"column\">\n\t\t\t<div class=\"elementor-widget-wrap elementor-element-populated\">\n\t\t\t\t\t\t<div class=\"elementor-element elementor-element-43dd3cd elementor-widget elementor-widget-text-editor\" data-id=\"43dd3cd\" data-element_type=\"widget\" data-e-type=\"widget\" data-widget_type=\"text-editor.default\">\n\t\t\t\t<div class=\"elementor-widget-container\">\n\t\t\t\t\t\t\t\t\t<p><span style=\"font-weight: 400;\">Generel behandling af h\u00f8feber og allergi:<br \/><\/span><span style=\"color: var( --e-global-color-text ); font-family: var( --e-global-typography-text-font-family ), Sans-serif; background-color: var(--nv-site-bg); font-size: var(--bodyfontsize); letter-spacing: var(--bodyletterspacing); text-transform: var(--bodytexttransform);\">TRIN 1 \u2013 Allergisanering: F\u00f8lg astma- og allergiforbundets r\u00e5d omkring hvordan du nedbringer eksponering for det allergen, som udl\u00f8ser din allergi.F<\/span><span style=\"color: var( --e-global-color-text ); font-family: var( --e-global-typography-text-font-family ), Sans-serif; background-color: var(--nv-site-bg); font-size: var(--bodyfontsize); letter-spacing: var(--bodyletterspacing); text-transform: var(--bodytexttransform);\">x brug (sol)briller, skyl \u00f8jne- og n\u00e6se, vask pollen ud af h\u00e5ret, luft ud f\u00f8rst og sidst p\u00e5 dagen.<\/span><\/p><p><span style=\"font-weight: 400;\">TRIN 2 \u2013 Antihistamin ved behov: Antihistamin virker ved at h\u00e6mme cellernes respons p\u00e5 din allergi her og nu. Antihistamin virker bedst, n\u00e5r det gives lokalt som \u00f8jendr\u00e5ber og n\u00e6sespray. Du kan supplere med en antihistamin tablet, hvis det ikke er nok med lokalbehandling eller hvis du samtidig har symptomer som fx tr\u00e6thed, slaphed, hovedpine, kl\u00f8e i mund\/sv\u00e6lg, udsl\u00e6t eller astma som er udl\u00f8st af din allergi. Antihistamin virker efter 5-30 minutter og gives derfor efter behov. Antihistamin f\u00e5s i h\u00e5ndk\u00f8b p\u00e5 apoteket. Der findes forskellige pr\u00e6parater som kan variere i virkning og bivirkning fra person til person.<\/span><span style=\"font-weight: 400;\"><br \/><\/span><span style=\"font-weight: 400;\">F\u00f8rstevalg er:<\/span><span style=\"font-weight: 400;\"><br \/><\/span><span style=\"font-weight: 400;\">Allergodil (Azelastin) \u00f8jendr\u00e5ber og n\u00e6sespray<\/span><span style=\"font-weight: 400;\"><br \/><\/span><span style=\"font-weight: 400;\">Alnok\/Benaday\/Vialerg\/Zyrtec (Cetirizin) tablet<\/span><\/p><p><span style=\"font-weight: 400;\">TRIN 3 \u2013 Forebyggende binyrebarkhormon n\u00e6sespray: Hvis du har symptomer flere gange om ugen i l\u00f8bet af pollens\u00e6sonen eller hele vinteren (husst\u00f8vmideallergi), anbefaler vi forebyggende behandling med binyrebarkhormon n\u00e6sespray. Binyrebarkhormon virker ved at h\u00e6mme cellernes respons p\u00e5 din allergi hvis det tages forebyggende hver dag og behandlingen virker bedst hvis du begynder 2-4 uger f\u00f8r pollens\u00e6sonen starter. Det er den mest effektive behandling mod allergiske \u00f8jen- og n\u00e6sesymptomer. Det mindsker dit behov for antihistamin \u00f8jendr\u00e5ber\/n\u00e6sespray\/tablet. Bivirkningerne er sparsomme, da n\u00e6sespray i vanlige doser ikke optages i blodbanen. Der kan forekomme n\u00e6sebl\u00f8dning, som kan afhj\u00e6lpes ved at pege n\u00e6sesprayen v\u00e6k fra n\u00e6seskillev\u00e6ggen (hvor de sm\u00e5 blodkar sidder). Binyrebark n\u00e6sespray er p\u00e5 recept.<\/span><span style=\"font-weight: 400;\"><br \/><\/span><span style=\"font-weight: 400;\">F\u00f8rstevalg er:<\/span><span style=\"font-weight: 400;\"><br \/><\/span><span style=\"font-weight: 400;\">Nasonex\/Monnox\/Mometason (Mometasonfuroat) n\u00e6sespray<\/span><\/p><p><span style=\"font-weight: 400;\">TRIN 4 og 5 \u2013 Hvis du har mange symptomer p\u00e5 trods af ovenst\u00e5ende behandling, anbefaler vi at du kontakter l\u00e6geklinikken for en vurdering.<\/span><\/p><p><span style=\"font-weight: 400;\">OBS: Patienter med allergi har \u00f8get risiko for astma og eksem.<\/span><\/p><ul><li style=\"font-weight: 400;\" aria-level=\"1\"><span style=\"font-weight: 400;\">Hvis du samtidig har astma symptomer (hoste og\/eller pibende, hv\u00e6sende, besv\u00e6ret vejrtr\u00e6kning) eller har haft astma tidligere i livet, anbefaler vi en lungefunktionsunders\u00f8gelse for at sikre at dine luftveje ogs\u00e5 er optimalt behandlet, l\u00e6s mere under menupunktet Astma.<\/span><\/li><li style=\"font-weight: 400;\" aria-level=\"1\"><span style=\"font-weight: 400;\">Hvis du samtidig har eksem (t\u00f8r, sart, kl\u00f8ende og forkradset udsl\u00e6t), anbefaler vi en \u00e5rlig kontrol for at sikre den mest optimale behandling og pleje af din hud.<\/span><\/li><\/ul><div>\u00a0<\/div><div><p><b>Link til information om allergi<\/b><span style=\"font-weight: 400;\">:<br \/><\/span><span style=\"color: var( --e-global-color-text ); font-family: var( --e-global-typography-text-font-family ), Sans-serif; background-color: var(--nv-site-bg); font-size: var(--bodyfontsize); letter-spacing: var(--bodyletterspacing); text-transform: var(--bodytexttransform);\">Information om allergi fra Patienth\u00e5ndbogen, se <\/span><a style=\"font-family: var( --e-global-typography-text-font-family ), Sans-serif; font-weight: var( --e-global-typography-text-font-weight ); background-color: var(--nv-site-bg); font-size: var(--bodyfontsize); letter-spacing: var(--bodyletterspacing); text-transform: var(--bodytexttransform);\" href=\"https:\/\/www.sundhed.dk\/borger\/patienthaandbogen\/allergi\/om-allergi\/allergi-hvad-er-det\/\">her<\/a><br \/><span style=\"color: var( --e-global-color-text ); font-family: var( --e-global-typography-text-font-family ), Sans-serif; font-weight: var( --e-global-typography-text-font-weight ); background-color: var(--nv-site-bg); font-size: var(--bodyfontsize); letter-spacing: var(--bodyletterspacing); text-transform: var(--bodytexttransform);\">Information om krydsallergi fra Patienth\u00e5ndbogen, se <\/span><a style=\"font-family: var( --e-global-typography-text-font-family ), Sans-serif; font-weight: var( --e-global-typography-text-font-weight ); background-color: var(--nv-site-bg); font-size: var(--bodyfontsize); letter-spacing: var(--bodyletterspacing); text-transform: var(--bodytexttransform);\" href=\"https:\/\/www.sundhed.dk\/borger\/patienthaandbogen\/hud\/sygdomme\/diverse\/krydsallergimoenstre\/\">her<\/a><br \/><a style=\"font-family: var( --e-global-typography-text-font-family ), Sans-serif; font-weight: var( --e-global-typography-text-font-weight ); background-color: var(--nv-site-bg); font-size: var(--bodyfontsize); letter-spacing: var(--bodyletterspacing); text-transform: var(--bodytexttransform);\" href=\"https:\/\/www.astma-allergi.dk\/\" target=\"_blank\" rel=\"noopener\"><img decoding=\"async\" class=\"alignleft wp-image-805\" src=\"http:\/\/laegernetilst.dk\/wp-content\/uploads\/2023\/07\/AAD_Logo_lodret_rgb_-295x300.png\" alt=\"\" width=\"75\" height=\"77\" srcset=\"https:\/\/laegernetilst.dk\/wp-content\/uploads\/2023\/07\/AAD_Logo_lodret_rgb_-295x300.png 295w, https:\/\/laegernetilst.dk\/wp-content\/uploads\/2023\/07\/AAD_Logo_lodret_rgb_-1005x1024.png 1005w, https:\/\/laegernetilst.dk\/wp-content\/uploads\/2023\/07\/AAD_Logo_lodret_rgb_-768x782.png 768w, https:\/\/laegernetilst.dk\/wp-content\/uploads\/2023\/07\/AAD_Logo_lodret_rgb_.png 1500w\" sizes=\"(max-width: 75px) 100vw, 75px\" \/><\/a><\/p><p><a style=\"font-family: var( --e-global-typography-text-font-family ), Sans-serif; font-weight: var( --e-global-typography-text-font-weight ); background-color: var(--nv-site-bg); font-size: var(--bodyfontsize); letter-spacing: var(--bodyletterspacing); text-transform: var(--bodytexttransform);\" href=\"https:\/\/www.astma-allergi.dk\/\">Astma-allergi Danmark<\/a><\/p><\/div>\t\t\t\t\t\t\t\t<\/div>\n\t\t\t\t<\/div>\n\t\t\t\t\t<\/div>\n\t\t<\/div>\n\t\t\t\t\t<\/div>\n\t\t<\/section>\n\t\t\t\t<\/div>\n\t\t","protected":false},"excerpt":{"rendered":"<p>Generel behandling af h\u00f8feber og allergi: TRIN 1 \u2013 Allergisanering: F\u00f8lg astma- og allergiforbundets r\u00e5d omkring hvordan du nedbringer eksponering for det allergen, som udl\u00f8ser din allergi.Fx brug (sol)briller, skyl \u00f8jne- og n\u00e6se, vask pollen ud af h\u00e5ret, luft ud f\u00f8rst og sidst p\u00e5 dagen. TRIN 2 \u2013 Antihistamin ved behov: Antihistamin virker ved at&hellip;&nbsp;<a href=\"https:\/\/laegernetilst.dk\/index.php\/allergi\/\" class=\"\" rel=\"bookmark\">L\u00e6s mere &raquo;<span class=\"screen-reader-text\">Allergi<\/span><\/a><\/p>\n","protected":false},"author":1,"featured_media":785,"parent":0,"menu_order":0,"comment_status":"closed","ping_status":"closed","template":"elementor_theme","meta":{"inline_featured_image":false,"neve_meta_sidebar":"","neve_meta_container":"","neve_meta_enable_content_width":"","neve_meta_content_width":0,"neve_meta_title_alignment":"","neve_meta_author_avatar":"","neve_post_elements_order":"","neve_meta_disable_header":"","neve_meta_disable_footer":"","neve_meta_disable_title":"","footnotes":""},"class_list":["post-603","page","type-page","status-publish","has-post-thumbnail","hentry"],"_links":{"self":[{"href":"https:\/\/laegernetilst.dk\/index.php\/wp-json\/wp\/v2\/pages\/603","targetHints":{"allow":["GET"]}}],"collection":[{"href":"https:\/\/laegernetilst.dk\/index.php\/wp-json\/wp\/v2\/pages"}],"about":[{"href":"https:\/\/laegernetilst.dk\/index.php\/wp-json\/wp\/v2\/types\/page"}],"author":[{"embeddable":true,"href":"https:\/\/laegernetilst.dk\/index.php\/wp-json\/wp\/v2\/users\/1"}],"replies":[{"embeddable":true,"href":"https:\/\/laegernetilst.dk\/index.php\/wp-json\/wp\/v2\/comments?post=603"}],"version-history":[{"count":21,"href":"https:\/\/laegernetilst.dk\/index.php\/wp-json\/wp\/v2\/pages\/603\/revisions"}],"predecessor-version":[{"id":1275,"href":"https:\/\/laegernetilst.dk\/index.php\/wp-json\/wp\/v2\/pages\/603\/revisions\/1275"}],"wp:featuredmedia":[{"embeddable":true,"href":"https:\/\/laegernetilst.dk\/index.php\/wp-json\/wp\/v2\/media\/785"}],"wp:attachment":[{"href":"https:\/\/laegernetilst.dk\/index.php\/wp-json\/wp\/v2\/media?parent=603"}],"curies":[{"name":"wp","href":"https:\/\/api.w.org\/{rel}","templated":true}]}}